{"id":320,"date":"2025-07-03T06:49:38","date_gmt":"2025-07-03T06:49:38","guid":{"rendered":"https:\/\/skaldtheatre.com\/?page_id=320"},"modified":"2025-10-29T06:10:36","modified_gmt":"2025-10-29T06:10:36","slug":"productionarchive","status":"publish","type":"page","link":"https:\/\/skaldtheatre.com\/es\/productionarchive\/","title":{"rendered":"Archivos de producci\u00f3n"},"content":{"rendered":"<div class=\"boldgrid-section\" data-bg-color=\"var(--color-1)\" data-image-url=\"\" style=\"background-color: var(--color-1); color: var(--color-1-text-contrast);\">\n<div class=\"container\">\n<div class=\"row\">\n<div class=\"col-lg-12 col-md-12 col-xs-12 col-sm-12\">\n<h1 class=\"color-neutral-color\" style=\"text-align: center; font-family: Cinzel; font-weight: 400;\" data-font-family=\"Cinzel\" data-font-weight=\"400\" data-font-style=\"\">Archivos de producci\u00f3n<\/h1>\n<\/div>\n<\/div>\n<\/div>\n<\/div>\n<div class=\"tmpl-about-15 boldgrid-section dynamic-gridblock\" style=\"background-color: var(--color-4); color: var(--color-4-text-contrast);\" data-bg-color=\"var(--color-4)\" data-image-url=\"\">\n<div class=\"container\">\n<div class=\"row\" style=\"padding-top: 42px; padding-bottom: 42px;\">\n<div class=\"col-md-6 col-xs-12 col-sm-6 col-lg-6\">\n<h2 class=\"\" style=\"font-family: Fondamento; font-weight: 400; font-size: 27px;\" data-font-family=\"Fondamento\" data-font-weight=\"400\" data-font-style=\"\">SELLING SHADE &#8211; 2025<\/h2>\n<p class=\"\">\u201cSelling Shade is a dark comedy set in Mallorca, where two real estate agents\u2014Karen, a seasoned cynic, and Annabelle, an idealistic newcomer\u2014struggle to sell an old, eerily quiet country house to their high-profile clients. But as an afternoon open house yields only failed deals, they discover there is more to the property than meets the eye. Hidden histories begin to surface, drawing both women into a quiet reckoning with the past and realisations about their own\u2026\u201d<\/p>\n<p class=\"\">&nbsp;<\/p>\n<p class=\"\"><span style=\"font-weight: 400;\">Performed at the Porreres Auditorium and Palma Auditorium, &#8220;Selling Shade&#8221; is our biggest show yet. Written and produced by R.T. Kolbeinsson and directed by Andrea Helene,&nbsp; and starring international professional talents: Emma Bernbach, Neus Cort\u00e9s, Toni Pons, Jenny Whiffen, Clea S\u00f6derblom, Jason Lynch and Nayeli Far.<\/span><\/p>\n<\/div>\n<div class=\"col-md-6 col-xs-12 col-sm-6 col-lg-6\">\n<p class=\"\"><a href=\"https:\/\/skaldtheatre.com\/wp-content\/uploads\/2025\/10\/SELLING-SHADE-website-poster.svg\"><img loading=\"lazy\" decoding=\"async\" class=\"bg-img alignnone wp-image-396\" src=\"https:\/\/skaldtheatre.com\/wp-content\/uploads\/2025\/10\/SELLING-SHADE-website-poster.svg\" alt=\"\" width=\"562\" height=\"714\"><\/a><\/p>\n<\/div>\n<\/div>\n<\/div>\n<\/div>\n<div class=\"tmpl-about-15 boldgrid-section dynamic-gridblock\" style=\"background-color: var(--color-4); color: var(--color-4-text-contrast);\" data-bg-color=\"var(--color-4)\" data-image-url=\"\">\n<div class=\"container\">\n<div class=\"row\" style=\"padding-top: 42px; padding-bottom: 42px;\">\n<div class=\"col-md-6 col-xs-12 col-sm-6 col-lg-6\">\n<h2 class=\"\" style=\"font-family: 'Germania One'; font-weight: 400;\" data-font-family=\"Germania One\" data-font-weight=\"400\" data-font-style=\"\">HAUNTED HISTORIES &#8211; 2025<\/h2>\n<p class=\"\"><span style=\"font-weight: 400;\">\u2018Haunted Histories\u2019 was a verbatim storytelling performance commissioned by the University of York, in collaboration with Haephaestus Theatre Company. Seven ghost stories collected through interviews from local York residents were anonymously recreated as a series of monologues, presented back to the public in two free events.<\/span><\/p>\n<p class=\"\">&nbsp;<\/p>\n<p class=\"\"><span style=\"font-weight: 400;\">Performed at Rise @ Bluebird and York Explore library, York, we delivered two fully-booked, relaxed, and captioned performances with a post-show discussion. Starring a group of local actors, this project was directed and produced by Sam Armstrong.<\/span><\/p>\n<p class=\"\">&nbsp;<\/p>\n<\/div>\n<div class=\"col-md-6 col-xs-12 col-sm-6 col-lg-6\">\n<p class=\"\"><img loading=\"lazy\" decoding=\"async\" class=\"bg-img alignnone wp-image-388 size-full\" src=\"https:\/\/skaldtheatre.com\/wp-content\/uploads\/2025\/10\/4_0_1080.3064699205_1350_Haunted-Histories-Poster-1.png\" alt=\"\" width=\"1080\" height=\"1350\"><\/p>\n<\/div>\n<\/div>\n<\/div>\n<\/div>\n<div class=\"tmpl-about-15 boldgrid-section dynamic-gridblock\" style=\"background-color: var(--color-4); color: var(--color-4-text-contrast);\" data-bg-color=\"var(--color-4)\" data-image-url=\"\">\n<div class=\"container\">\n<div class=\"row\" style=\"padding-top: 42px; padding-bottom: 42px;\">\n<div class=\"col-md-6 col-xs-12 col-sm-6 col-lg-6\">\n<h2 class=\"\" style=\"font-family: Baskervville; font-weight: 400;\" data-font-family=\"Baskervville\" data-font-weight=\"400\" data-font-style=\"\">THE LAMENT OF THE HART &#8211; 2025<\/h2>\n<p class=\"\"><span style=\"font-weight: 400;\">\u2018Henry and his men have returned from the hunt of the mythical golden stag, revelling in their victory in the midst of a monstrous storm, when a strange woman arrives at the door seeking shelter and hospitality. Is the golden stag Henry\u2019s final prize, or will his obsession drive him to offer much more than he can give?\u2019<\/span><\/p>\n<p>&nbsp;<\/p>\n<p class=\"\"><span style=\"font-weight: 400;\">Collaboratively created and written by Skald Theatre Group over nine months, The Lament of a Hart was performed in a special evening show at Rise @ Bluebird, York, to a sold-out audience. Starring Nick Patrick Jones, Grace Stannard, Molly Raine, Wilf Tomlinson, Arty Swain, Jake Mansfield, and directed by Sam Armstrong, this production will return to tour the North East UK soon.<\/span><\/p>\n<p class=\"\">&nbsp;<\/p>\n<\/div>\n<div class=\"col-md-6 col-xs-12 col-sm-6 col-lg-6\">\n<p class=\"\"><img loading=\"lazy\" decoding=\"async\" class=\"bg-img alignnone wp-image-317 size-full\" src=\"https:\/\/skaldtheatre.com\/wp-content\/uploads\/2025\/07\/LAMENT-OF-THE-HART-POSTER.png\" alt=\"\" width=\"1080\" height=\"1350\" srcset=\"https:\/\/skaldtheatre.com\/wp-content\/uploads\/2025\/07\/LAMENT-OF-THE-HART-POSTER.png 1080w, https:\/\/skaldtheatre.com\/wp-content\/uploads\/2025\/07\/LAMENT-OF-THE-HART-POSTER-240x300.png 240w, https:\/\/skaldtheatre.com\/wp-content\/uploads\/2025\/07\/LAMENT-OF-THE-HART-POSTER-819x1024.png 819w, https:\/\/skaldtheatre.com\/wp-content\/uploads\/2025\/07\/LAMENT-OF-THE-HART-POSTER-768x960.png 768w, https:\/\/skaldtheatre.com\/wp-content\/uploads\/2025\/07\/LAMENT-OF-THE-HART-POSTER-10x12.png 10w, https:\/\/skaldtheatre.com\/wp-content\/uploads\/2025\/07\/LAMENT-OF-THE-HART-POSTER-250x313.png 250w, https:\/\/skaldtheatre.com\/wp-content\/uploads\/2025\/07\/LAMENT-OF-THE-HART-POSTER-550x688.png 550w, https:\/\/skaldtheatre.com\/wp-content\/uploads\/2025\/07\/LAMENT-OF-THE-HART-POSTER-800x1000.png 800w, https:\/\/skaldtheatre.com\/wp-content\/uploads\/2025\/07\/LAMENT-OF-THE-HART-POSTER-144x180.png 144w, https:\/\/skaldtheatre.com\/wp-content\/uploads\/2025\/07\/LAMENT-OF-THE-HART-POSTER-400x500.png 400w, https:\/\/skaldtheatre.com\/wp-content\/uploads\/2025\/07\/LAMENT-OF-THE-HART-POSTER-480x600.png 480w\" sizes=\"auto, (max-width: 1080px) 100vw, 1080px\" \/><\/p>\n<\/div>\n<\/div>\n<\/div>\n<\/div>\n<div class=\"tmpl-about-15 boldgrid-section dynamic-gridblock\" style=\"background-color: var(--color-4); color: var(--color-4-text-contrast);\" data-bg-color=\"var(--color-4)\" data-image-url=\"\">\n<div class=\"container\">\n<div class=\"row\" style=\"padding-top: 42px; padding-bottom: 42px;\">\n<div class=\"col-md-6 col-xs-12 col-sm-6 col-lg-6\">\n<h2 class=\"\" style=\"font-family: 'Carrois Gothic'; font-weight: 400;\" data-font-family=\"Carrois Gothic\" data-font-weight=\"400\" data-font-style=\"\">A RED CHRISTMAS &#8211; 2024<\/h2>\n<p class=\"\">\"Una Navidad Roja\" fue nuestro segundo festival de teatro de inspiraci\u00f3n navide\u00f1a, compuesto por cuatro obras cortas originales que ofrecen una perspectiva oscura y c\u00f3mica sobre la \u00e9poca m\u00e1s maravillosa y ca\u00f3tica del a\u00f1o. Esta colecci\u00f3n explora el lado oscuro de las tradiciones navide\u00f1as, las relaciones fracturadas y el absurdo de la temporada.<\/p>\n<p>&nbsp;<\/p>\n<p class=\"\">El evento se desarroll\u00f3 durante dos d\u00edas durante la temporada navide\u00f1a de 2024 en el Teatrem\u00f3l de Palma de Mallorca.<\/p>\n<p class=\"\">&nbsp;<\/p>\n<\/div>\n<div class=\"col-md-6 col-xs-12 col-sm-6 col-lg-6\">\n<p class=\"\"><img loading=\"lazy\" decoding=\"async\" class=\"bg-img alignnone wp-image-323 size-full\" src=\"https:\/\/skaldtheatre.com\/wp-content\/uploads\/2025\/07\/A-RED-CHRISTMAS-FINAL-POSTER.png\" alt=\"A RED CHRISTMAS POSTER\" width=\"1080\" height=\"1350\" srcset=\"https:\/\/skaldtheatre.com\/wp-content\/uploads\/2025\/07\/A-RED-CHRISTMAS-FINAL-POSTER.png 1080w, https:\/\/skaldtheatre.com\/wp-content\/uploads\/2025\/07\/A-RED-CHRISTMAS-FINAL-POSTER-240x300.png 240w, https:\/\/skaldtheatre.com\/wp-content\/uploads\/2025\/07\/A-RED-CHRISTMAS-FINAL-POSTER-819x1024.png 819w, https:\/\/skaldtheatre.com\/wp-content\/uploads\/2025\/07\/A-RED-CHRISTMAS-FINAL-POSTER-768x960.png 768w, https:\/\/skaldtheatre.com\/wp-content\/uploads\/2025\/07\/A-RED-CHRISTMAS-FINAL-POSTER-10x12.png 10w, https:\/\/skaldtheatre.com\/wp-content\/uploads\/2025\/07\/A-RED-CHRISTMAS-FINAL-POSTER-250x313.png 250w, https:\/\/skaldtheatre.com\/wp-content\/uploads\/2025\/07\/A-RED-CHRISTMAS-FINAL-POSTER-550x688.png 550w, https:\/\/skaldtheatre.com\/wp-content\/uploads\/2025\/07\/A-RED-CHRISTMAS-FINAL-POSTER-800x1000.png 800w, https:\/\/skaldtheatre.com\/wp-content\/uploads\/2025\/07\/A-RED-CHRISTMAS-FINAL-POSTER-144x180.png 144w, https:\/\/skaldtheatre.com\/wp-content\/uploads\/2025\/07\/A-RED-CHRISTMAS-FINAL-POSTER-400x500.png 400w, https:\/\/skaldtheatre.com\/wp-content\/uploads\/2025\/07\/A-RED-CHRISTMAS-FINAL-POSTER-480x600.png 480w\" sizes=\"auto, (max-width: 1080px) 100vw, 1080px\" \/><\/p>\n<\/div>\n<\/div>\n<\/div>\n<\/div>\n<div class=\"tmpl-about-15 boldgrid-section dynamic-gridblock\" style=\"background-color: var(--color-4); color: var(--color-4-text-contrast);\" data-bg-color=\"var(--color-4)\" data-image-url=\"\">\n<div class=\"container\">\n<div class=\"row\" style=\"padding-top: 42px; padding-bottom: 42px;\">\n<div class=\"col-md-6 col-xs-12 col-sm-6 col-lg-6\">\n<h2 class=\"\" style=\"font-family: Ovo; font-weight: 400;\" data-font-family=\"Ovo\" data-font-weight=\"400\" data-font-style=\"\">A HELPING HAND &#8211; 2024<\/h2>\n<p class=\"\">\u201cUna mano amiga\u201d es un drama tenso ambientado en la Espa\u00f1a de principios de los a\u00f1os 60 que explora la relaci\u00f3n de una dama y su criada en la Espa\u00f1a de posguerra.&nbsp;<\/p>\n<p class=\"\">&nbsp;<\/p>\n<p class=\"\">La obra se estren\u00f3 en Palma de Mallorca en Teatrem\u00f3l en 2024 durante la temporada de oto\u00f1o y agot\u00f3 las entradas en sus dos primeras funciones. Posteriormente, regres\u00f3 con tres funciones m\u00e1s en enero y febrero. Protagonizada por Christina Giagos y Samantha Horn Guerra, fue escrita y dirigida por R. T. Kolbeinsson.<\/p>\n<p class=\"\">&nbsp;<\/p>\n<\/div>\n<div class=\"col-md-6 col-xs-12 col-sm-6 col-lg-6\">\n<p class=\"\"><img loading=\"lazy\" decoding=\"async\" class=\"bg-img alignnone wp-image-236 size-full\" src=\"https:\/\/skaldtheatre.com\/wp-content\/uploads\/2024\/10\/A-Helping-Hand-poster-2.png\" alt=\"A HELPING HAND POSTER\" width=\"1080\" height=\"1080\" srcset=\"https:\/\/skaldtheatre.com\/wp-content\/uploads\/2024\/10\/A-Helping-Hand-poster-2.png 1080w, https:\/\/skaldtheatre.com\/wp-content\/uploads\/2024\/10\/A-Helping-Hand-poster-2-300x300.png 300w, https:\/\/skaldtheatre.com\/wp-content\/uploads\/2024\/10\/A-Helping-Hand-poster-2-1024x1024.png 1024w, https:\/\/skaldtheatre.com\/wp-content\/uploads\/2024\/10\/A-Helping-Hand-poster-2-150x150.png 150w, https:\/\/skaldtheatre.com\/wp-content\/uploads\/2024\/10\/A-Helping-Hand-poster-2-768x768.png 768w, https:\/\/skaldtheatre.com\/wp-content\/uploads\/2024\/10\/A-Helping-Hand-poster-2-12x12.png 12w, https:\/\/skaldtheatre.com\/wp-content\/uploads\/2024\/10\/A-Helping-Hand-poster-2-48x48.png 48w, https:\/\/skaldtheatre.com\/wp-content\/uploads\/2024\/10\/A-Helping-Hand-poster-2-250x250.png 250w, https:\/\/skaldtheatre.com\/wp-content\/uploads\/2024\/10\/A-Helping-Hand-poster-2-550x550.png 550w, https:\/\/skaldtheatre.com\/wp-content\/uploads\/2024\/10\/A-Helping-Hand-poster-2-800x800.png 800w, https:\/\/skaldtheatre.com\/wp-content\/uploads\/2024\/10\/A-Helping-Hand-poster-2-180x180.png 180w, https:\/\/skaldtheatre.com\/wp-content\/uploads\/2024\/10\/A-Helping-Hand-poster-2-500x500.png 500w\" sizes=\"auto, (max-width: 1080px) 100vw, 1080px\" \/><\/p>\n<\/div>\n<\/div>\n<\/div>\n<\/div>\n<div class=\"color4-background-color color-4-text-contrast bg-background-color tmpl-about-15 boldgrid-section dynamic-gridblock\">\n<div class=\"container\">\n<div class=\"row\" style=\"padding-top: 42px; padding-bottom: 42px;\">\n<div class=\"col-md-6 col-xs-12 col-sm-6 col-lg-6\">\n<h2 class=\"\" style=\"font-family: Cinzel; font-weight: 400;\" data-font-family=\"Cinzel\" data-font-weight=\"400\" data-font-style=\"\">The Bexhill Bookclub &#8211; 2024<\/h2>\n<p class=\"\">\u201cEl Club de Lectura de Bexhill, que celebra su reuni\u00f3n semanal para debatir un nuevo...<br \/>\nlibro controvertido. Sus cuatro miembros est\u00e1n unidos por su pasi\u00f3n por la lectura,<br \/>\nlibro controvertido. Sus cuatro miembros est\u00e1n unidos por su pasi\u00f3n por la lectura,<br \/>\nambiente. La reuni\u00f3n de esta noche se desarrollar\u00e1 como cualquier otra, pero la de esta semana<br \/>\nla pieza literaria causa un gran revuelo, lo que lleva a las cuatro mujeres a revelar m\u00e1s<br \/>\nque sus cr\u00edticas. Nunca juzgues a una mujer por su apariencia.<\/p>\n<p>&nbsp;<\/p>\n<p class=\"\">La obra se estren\u00f3 en Palma de Mallorca en Teatrem\u00f3l en 2024 durante la temporada de verano. Protagonizada por Romy Bellamy, Jacs Campbell, Kathleen Bendelack y Judith Abindgon. Escrita y dirigida por R. T. Kolbeinsson. El espect\u00e1culo tuvo cinco funciones en total, agotando las entradas en dos ocasiones.<\/p>\n<p class=\"\">&nbsp;<\/p>\n<\/div>\n<div class=\"col-md-6 col-xs-12 col-sm-6 col-lg-6\">\n<p class=\"\"><img loading=\"lazy\" decoding=\"async\" class=\"bg-img alignnone wp-image-220 size-full\" src=\"https:\/\/skaldtheatre.com\/wp-content\/uploads\/2024\/09\/11th-12th-and-15th-of-September.jpg\" alt=\"THE BEXHILL BOOKCLUB POSTER\" width=\"1080\" height=\"1080\" srcset=\"https:\/\/skaldtheatre.com\/wp-content\/uploads\/2024\/09\/11th-12th-and-15th-of-September.jpg 1080w, https:\/\/skaldtheatre.com\/wp-content\/uploads\/2024\/09\/11th-12th-and-15th-of-September-300x300.jpg 300w, https:\/\/skaldtheatre.com\/wp-content\/uploads\/2024\/09\/11th-12th-and-15th-of-September-1024x1024.jpg 1024w, https:\/\/skaldtheatre.com\/wp-content\/uploads\/2024\/09\/11th-12th-and-15th-of-September-150x150.jpg 150w, https:\/\/skaldtheatre.com\/wp-content\/uploads\/2024\/09\/11th-12th-and-15th-of-September-768x768.jpg 768w, https:\/\/skaldtheatre.com\/wp-content\/uploads\/2024\/09\/11th-12th-and-15th-of-September-12x12.jpg 12w, https:\/\/skaldtheatre.com\/wp-content\/uploads\/2024\/09\/11th-12th-and-15th-of-September-48x48.jpg 48w, https:\/\/skaldtheatre.com\/wp-content\/uploads\/2024\/09\/11th-12th-and-15th-of-September-250x250.jpg 250w, https:\/\/skaldtheatre.com\/wp-content\/uploads\/2024\/09\/11th-12th-and-15th-of-September-550x550.jpg 550w, https:\/\/skaldtheatre.com\/wp-content\/uploads\/2024\/09\/11th-12th-and-15th-of-September-800x800.jpg 800w, https:\/\/skaldtheatre.com\/wp-content\/uploads\/2024\/09\/11th-12th-and-15th-of-September-180x180.jpg 180w, https:\/\/skaldtheatre.com\/wp-content\/uploads\/2024\/09\/11th-12th-and-15th-of-September-500x500.jpg 500w\" sizes=\"auto, (max-width: 1080px) 100vw, 1080px\" \/><\/p>\n<\/div>\n<\/div>\n<\/div>\n<\/div>\n<div class=\"color4-background-color color-4-text-contrast bg-background-color tmpl-about-15 boldgrid-section dynamic-gridblock\">\n<div class=\"container\">\n<div class=\"row\" style=\"padding-top: 42px; padding-bottom: 42px;\">\n<div class=\"col-md-6 col-xs-12 col-sm-6 col-lg-6\">\n<h2 class=\"\" style=\"font-family: 'Germania One'; font-weight: 400; font-size: 40px;\" data-font-family=\"Germania One\" data-font-weight=\"400\" data-font-style=\"\">V\u00f6lusp\u00e1: The Prophecy of The Seeress &#8211; 2023<\/h2>\n<p class=\"\">Cada a\u00f1o, Othin visita a la V\u00f6lva con la esperanza de que le cuente sobre el futuro. Hoy, ella habla y profetiza sobre el fin del mundo y el destino de los dioses.<\/p>\n<p class=\"\">&nbsp;<\/p>\n<p class=\"\">Este espect\u00e1culo unipersonal trajo la historia islandesa del Ragnar\u00f6k al antiguo Jorvik en el Perky Peacock para la temporada de verano de 2023, protagonizado por Margaux Campbell como la hipn\u00f3tica V\u00f6lva y dirigido por Sam Armstrong. La obra fue adaptada y basada en la traducci\u00f3n del poema de H. A. Bellows.<\/p>\n<p class=\"\">&nbsp;<\/p>\n<\/div>\n<div class=\"col-md-6 col-xs-12 col-sm-6 col-lg-6\">\n<p class=\"\"><img loading=\"lazy\" decoding=\"async\" class=\"bg-img alignnone wp-image-90 size-full\" src=\"https:\/\/skaldtheatre.com\/wp-content\/uploads\/2023\/05\/Voluspa-social-media-poster.png\" alt=\"V\u00d6LUSP\u00c1 POSTER\" width=\"1080\" height=\"1080\" srcset=\"https:\/\/skaldtheatre.com\/wp-content\/uploads\/2023\/05\/Voluspa-social-media-poster.png 1080w, https:\/\/skaldtheatre.com\/wp-content\/uploads\/2023\/05\/Voluspa-social-media-poster-300x300.png 300w, https:\/\/skaldtheatre.com\/wp-content\/uploads\/2023\/05\/Voluspa-social-media-poster-1024x1024.png 1024w, https:\/\/skaldtheatre.com\/wp-content\/uploads\/2023\/05\/Voluspa-social-media-poster-150x150.png 150w, https:\/\/skaldtheatre.com\/wp-content\/uploads\/2023\/05\/Voluspa-social-media-poster-768x768.png 768w, https:\/\/skaldtheatre.com\/wp-content\/uploads\/2023\/05\/Voluspa-social-media-poster-48x48.png 48w, https:\/\/skaldtheatre.com\/wp-content\/uploads\/2023\/05\/Voluspa-social-media-poster-250x250.png 250w, https:\/\/skaldtheatre.com\/wp-content\/uploads\/2023\/05\/Voluspa-social-media-poster-550x550.png 550w, https:\/\/skaldtheatre.com\/wp-content\/uploads\/2023\/05\/Voluspa-social-media-poster-800x800.png 800w, https:\/\/skaldtheatre.com\/wp-content\/uploads\/2023\/05\/Voluspa-social-media-poster-180x180.png 180w, https:\/\/skaldtheatre.com\/wp-content\/uploads\/2023\/05\/Voluspa-social-media-poster-500x500.png 500w\" sizes=\"auto, (max-width: 1080px) 100vw, 1080px\" \/><\/p>\n<\/div>\n<\/div>\n<\/div>\n<\/div>\n<div class=\"color4-background-color color-4-text-contrast bg-background-color tmpl-about-15 boldgrid-section dynamic-gridblock\">\n<div class=\"container\">\n<div class=\"row\" style=\"padding-top: 42px; padding-bottom: 42px;\">\n<div class=\"col-md-6 col-xs-12 col-sm-6 col-lg-6\">\n<h2 class=\"\" style=\"font-family: 'Berkshire Swash'; font-weight: 400; font-size: 40px;\" data-font-family=\"Berkshire Swash\" data-font-weight=\"400\" data-font-style=\"\">Baby it&#8217;s Cold Inside &#8211; 2022<\/h2>\n<p class=\"\">&nbsp;<\/p>\n<p class=\"\">Nuestro primer espect\u00e1culo fue una colecci\u00f3n de cuatro obras navide\u00f1as cortas que se estrenaron en 2022 en el Perky Peacock de York. La tem\u00e1tica de estas obras giraba en torno a noches de invierno sombr\u00edas y oscuras con un toque de humor negro. Las obras fueron escritas por Sophie Schulze y R. T. Kolbeinsson.&nbsp;<\/p>\n<p class=\"\">&nbsp;<\/p>\n<\/div>\n<div class=\"col-md-6 col-xs-12 col-sm-6 col-lg-6\">\n<p class=\"\"><img loading=\"lazy\" decoding=\"async\" class=\"bg-img alignnone wp-image-322 size-full\" src=\"https:\/\/skaldtheatre.com\/wp-content\/uploads\/2025\/07\/Baby-its-cold-inside.png\" alt=\"BABY IT'S COLD INSIDE POSTER\" width=\"1587\" height=\"2245\" srcset=\"https:\/\/skaldtheatre.com\/wp-content\/uploads\/2025\/07\/Baby-its-cold-inside.png 1587w, https:\/\/skaldtheatre.com\/wp-content\/uploads\/2025\/07\/Baby-its-cold-inside-212x300.png 212w, https:\/\/skaldtheatre.com\/wp-content\/uploads\/2025\/07\/Baby-its-cold-inside-724x1024.png 724w, https:\/\/skaldtheatre.com\/wp-content\/uploads\/2025\/07\/Baby-its-cold-inside-768x1086.png 768w, https:\/\/skaldtheatre.com\/wp-content\/uploads\/2025\/07\/Baby-its-cold-inside-1086x1536.png 1086w, https:\/\/skaldtheatre.com\/wp-content\/uploads\/2025\/07\/Baby-its-cold-inside-1448x2048.png 1448w, https:\/\/skaldtheatre.com\/wp-content\/uploads\/2025\/07\/Baby-its-cold-inside-8x12.png 8w, https:\/\/skaldtheatre.com\/wp-content\/uploads\/2025\/07\/Baby-its-cold-inside-250x354.png 250w, https:\/\/skaldtheatre.com\/wp-content\/uploads\/2025\/07\/Baby-its-cold-inside-550x778.png 550w, https:\/\/skaldtheatre.com\/wp-content\/uploads\/2025\/07\/Baby-its-cold-inside-800x1132.png 800w, https:\/\/skaldtheatre.com\/wp-content\/uploads\/2025\/07\/Baby-its-cold-inside-127x180.png 127w, https:\/\/skaldtheatre.com\/wp-content\/uploads\/2025\/07\/Baby-its-cold-inside-353x500.png 353w, https:\/\/skaldtheatre.com\/wp-content\/uploads\/2025\/07\/Baby-its-cold-inside-424x600.png 424w\" sizes=\"auto, (max-width: 1587px) 100vw, 1587px\" \/><\/p>\n<\/div>\n<\/div>\n<\/div>\n<\/div>\n<div class=\"boldgrid-section\">\n<div class=\"container\">\n<div class=\"row\">\n<div class=\"col-lg-12 col-md-12 col-xs-12 col-sm-12\">\n<p class=\"\">&nbsp;<\/p>\n<\/div>\n<\/div>\n<\/div>\n<\/div>","protected":false},"excerpt":{"rendered":"<p>PRODUCTION ARCHIVE SELLING SHADE &#8211; 2025 \u201cSelling Shade is a dark comedy set in Mallorca, where two real estate agents\u2014Karen, a seasoned cynic, and Annabelle, an idealistic newcomer\u2014struggle to sell<\/p>\n<div class=\"read-more\"><a class=\"btn button-primary\" href=\"https:\/\/skaldtheatre.com\/es\/productionarchive\/\">Leer m\u00e1s<\/a><\/div>","protected":false},"author":1,"featured_media":0,"parent":0,"menu_order":0,"comment_status":"closed","ping_status":"closed","template":"","meta":{"bgseo_title":"","bgseo_description":"Here you will find our production archive. A list of our previous shows which includes posters and pictures from the productions.","bgseo_robots_index":"index","bgseo_robots_follow":"follow","crio-premium-page-header-override":null,"crio-premium-page-header-select":"none","crio-premium-page-header-featured-image-background":"0","crio-premium-page-header-background":"","om_disable_all_campaigns":false,"_monsterinsights_skip_tracking":false,"_monsterinsights_sitenote_active":false,"_monsterinsights_sitenote_note":"","_monsterinsights_sitenote_category":0,"_uf_show_specific_survey":0,"_uf_disable_surveys":false,"two_page_speed":{"current_score":{"desktop_score":97,"desktop_tti":"0.6\u00a0","mobile_score":99,"mobile_tti":"2.1\u00a0","date":"03.07.2025 06:52:05 am","status":"completed"}},"footnotes":""},"class_list":["post-320","page","type-page","status-publish"],"aioseo_notices":[],"_links":{"self":[{"href":"https:\/\/skaldtheatre.com\/es\/wp-json\/wp\/v2\/pages\/320","targetHints":{"allow":["GET"]}}],"collection":[{"href":"https:\/\/skaldtheatre.com\/es\/wp-json\/wp\/v2\/pages"}],"about":[{"href":"https:\/\/skaldtheatre.com\/es\/wp-json\/wp\/v2\/types\/page"}],"author":[{"embeddable":true,"href":"https:\/\/skaldtheatre.com\/es\/wp-json\/wp\/v2\/users\/1"}],"replies":[{"embeddable":true,"href":"https:\/\/skaldtheatre.com\/es\/wp-json\/wp\/v2\/comments?post=320"}],"version-history":[{"count":8,"href":"https:\/\/skaldtheatre.com\/es\/wp-json\/wp\/v2\/pages\/320\/revisions"}],"predecessor-version":[{"id":397,"href":"https:\/\/skaldtheatre.com\/es\/wp-json\/wp\/v2\/pages\/320\/revisions\/397"}],"wp:attachment":[{"href":"https:\/\/skaldtheatre.com\/es\/wp-json\/wp\/v2\/media?parent=320"}],"curies":[{"name":"wp","href":"https:\/\/api.w.org\/{rel}","templated":true}]}}