{"id":149,"date":"2024-01-25T06:48:42","date_gmt":"2024-01-25T06:48:42","guid":{"rendered":"https:\/\/skaldtheatre.com\/?page_id=149"},"modified":"2025-01-04T04:33:14","modified_gmt":"2025-01-04T04:33:14","slug":"vespertine","status":"publish","type":"page","link":"https:\/\/skaldtheatre.com\/es\/vespertine\/","title":{"rendered":"Vespertine"},"content":{"rendered":"<div class=\"tmpl-call_to_action-1 boldgrid-section dynamic-gridblock background-fixed color2-background-color color-2-text-contrast bg-background-color\">\n<div class=\"container-fluid\">\n<div class=\"row\">\n<div class=\"col-md-7 col-sm-8 col-xs-12 col-lg-6\">\n<div class=\"bg-box-cover color5-background-color color-5-text-contrast bg-background-color bg-box\" style=\"padding: 85px 20%;\">\n<h2 data-font-family=\"Cinzel\" data-font-weight=\"400\" data-font-style=\"\">&nbsp;<\/h2>\n<h2 class=\"color3-color\" style=\"margin: 0px 0px 25px; font-family: Cinzel; font-weight: 400;\" data-font-family=\"Cinzel\" data-font-weight=\"400\" data-font-style=\"\">Un podcast por y para artistas j\u00f3venes<\/h2>\n<p class=\"color3-color\" style=\"font-family: Cinzel; font-weight: 400;\" data-font-family=\"Cinzel\" data-font-weight=\"400\" data-font-style=\"\">En lat\u00edn, Vespertine describe las horas del crep\u00fasculo de la noche. Es un momento en el que nuestra mente se desconecta de los asuntos del d\u00eda y nuestro subconsciente interno y creativo toma el control.<\/p>\n<p class=\"color3-color\" style=\"font-family: Cinzel; font-weight: 400;\" data-font-family=\"Cinzel\" data-font-weight=\"400\" data-font-style=\"\">Es la hora para que el artista se exprese, experimente y perfeccione su oficio.<\/p>\n<p class=\"color3-color\" style=\"font-family: Cinzel; font-weight: 400;\" data-font-family=\"Cinzel\" data-font-weight=\"400\" data-font-style=\"\">En esta serie, el grupo de teatro Skald te invita a interactuar con estos artistas en su etapa m\u00e1s temprana. Comprender su lucha, inspirarse en su pasi\u00f3n y compartir su energ\u00eda creativa.<\/p>\n<p class=\"color3-color\" style=\"font-family: Cinzel; font-weight: 400;\" data-font-family=\"Cinzel\" data-font-weight=\"400\" data-font-style=\"\">Estas entrevistas se centran en artistas emergentes de todos los or\u00edgenes y medios, mientras comparten sus historias, \u00e9xitos y conocimientos sobre su oficio para inspirar a los aspirantes a artistas.<\/p>\n<\/div>\n<\/div>\n<div class=\"col-md-5 col-sm-4 col-xs-12 col-lg-6\">\n<p>&nbsp;<\/p>\n<p>&nbsp;<\/p>\n<p class=\"\"><img loading=\"lazy\" decoding=\"async\" class=\"alignnone wp-image-157 bg-img bg-img-3\" src=\"https:\/\/skaldtheatre.com\/wp-content\/uploads\/2024\/01\/Vespertine-cover-art.png\" alt=\"\" width=\"560\" height=\"560\" data-wp-editing=\"1\" srcset=\"https:\/\/skaldtheatre.com\/wp-content\/uploads\/2024\/01\/Vespertine-cover-art.png 1080w, https:\/\/skaldtheatre.com\/wp-content\/uploads\/2024\/01\/Vespertine-cover-art-300x300.png 300w, https:\/\/skaldtheatre.com\/wp-content\/uploads\/2024\/01\/0_0_1024_1024_Vespertine-cover-art.png 1024w, https:\/\/skaldtheatre.com\/wp-content\/uploads\/2024\/01\/Vespertine-cover-art-150x150.png 150w, https:\/\/skaldtheatre.com\/wp-content\/uploads\/2024\/01\/Vespertine-cover-art-768x768.png 768w, https:\/\/skaldtheatre.com\/wp-content\/uploads\/2024\/01\/Vespertine-cover-art-12x12.png 12w, https:\/\/skaldtheatre.com\/wp-content\/uploads\/2024\/01\/Vespertine-cover-art-48x48.png 48w, https:\/\/skaldtheatre.com\/wp-content\/uploads\/2024\/01\/Vespertine-cover-art-250x250.png 250w, https:\/\/skaldtheatre.com\/wp-content\/uploads\/2024\/01\/Vespertine-cover-art-550x550.png 550w, https:\/\/skaldtheatre.com\/wp-content\/uploads\/2024\/01\/Vespertine-cover-art-800x800.png 800w, https:\/\/skaldtheatre.com\/wp-content\/uploads\/2024\/01\/Vespertine-cover-art-180x180.png 180w, https:\/\/skaldtheatre.com\/wp-content\/uploads\/2024\/01\/Vespertine-cover-art-500x500.png 500w, https:\/\/skaldtheatre.com\/wp-content\/uploads\/2024\/01\/0_0_600_600_Vespertine-cover-art-1024x1024.png 600w\" sizes=\"auto, (max-width: 560px) 100vw, 560px\" \/><\/p>\n<\/div>\n<\/div>\n<\/div>\n<\/div>\n<div class=\"boldgrid-section color2-background-color color-2-text-contrast bg-background-color\">\n<div class=\"container\">\n<div class=\"row\">\n<div class=\"col-lg-12 col-md-12 col-xs-12 col-sm-12\">\n<div class=\"boldgrid-shortcode\" data-imhwpb-draggable=\"true\">\n<div class=\"widget podcast_player\">\t\t\t<style type=\"text\/css\"><\/style>\n\t\t\t<div id=\"pp-podcast-2867\" class=\"pp-podcast has-header header-hidden has-featured playerview media-audio\"  data-teaser=\"\" data-elength=\"18\" data-eunit=\"\" data-ppsdata=\"{&quot;ppe-2867-1&quot;:{&quot;title&quot;:&quot;Sam Armstrong &#8220;Directing for the Stage&#8221;&quot;,&quot;description&quot;:&quot;&lt;p&gt;In our last episode, we chat with theatre practitioner Sam Armstrong, another founding member of Skald Theatre Group, who gives us an inside into his way of directing for the stage.&lt;\\\/p&gt;\\n&quot;,&quot;author&quot;:&quot;Skald Theatre Group&quot;,&quot;date&quot;:&quot;febrero 29, 2024&quot;,&quot;link&quot;:&quot;https:\\\/\\\/rss.com\\\/podcasts\\\/vespertine-podcast\\\/1367497&quot;,&quot;src&quot;:&quot;https:\\\/\\\/content.rss.com\\\/episodes\\\/248563\\\/1367497\\\/vespertine-podcast\\\/2024_02_29_08_00_27_a22fe340-a64f-43e9-b208-8cf6130402b2.mp3&quot;,&quot;featured&quot;:&quot;https:\\\/\\\/media.rss.com\\\/vespertine-podcast\\\/ep_cover_20240229_070259_100627b837e31f1590a4681e2a9e292a.png&quot;,&quot;featured_id&quot;:0,&quot;mediatype&quot;:&quot;audio&quot;,&quot;season&quot;:1,&quot;categories&quot;:[],&quot;duration&quot;:&quot;36:47&quot;,&quot;episodetype&quot;:&quot;full&quot;,&quot;timestamp&quot;:1709204512,&quot;key&quot;:&quot;d6dc022e72ca8a2493517ab1f1c08518&quot;,&quot;fset&quot;:&quot;&quot;,&quot;fratio&quot;:1},&quot;ppe-2867-2&quot;:{&quot;title&quot;:&quot;Sophie Schulze &#8220;Producing for the Arts&#8221;&quot;,&quot;description&quot;:&quot;&lt;p&gt;For this week\\u00b4s interview, we catch up with one of Skald\\u00b4s founding members, Sophie Schulze, who talks about her work as a producer in Germany\\u00b4s art scene and much more.&lt;\\\/p&gt;\\n&quot;,&quot;author&quot;:&quot;Skald Theatre Group&quot;,&quot;date&quot;:&quot;febrero 22, 2024&quot;,&quot;link&quot;:&quot;https:\\\/\\\/rss.com\\\/podcasts\\\/vespertine-podcast\\\/1354351&quot;,&quot;src&quot;:&quot;https:\\\/\\\/content.rss.com\\\/episodes\\\/248563\\\/1354351\\\/vespertine-podcast\\\/2024_02_20_18_48_40_7655b627-eda6-494f-9da3-f730f867b481.mp3&quot;,&quot;featured&quot;:&quot;https:\\\/\\\/media.rss.com\\\/vespertine-podcast\\\/ep_cover_20240229_070211_ee2b9fc4586a9a16bcf6f59753483a1f.png&quot;,&quot;featured_id&quot;:0,&quot;mediatype&quot;:&quot;audio&quot;,&quot;season&quot;:1,&quot;categories&quot;:[],&quot;duration&quot;:&quot;37:01&quot;,&quot;episodetype&quot;:&quot;full&quot;,&quot;timestamp&quot;:1708599650,&quot;key&quot;:&quot;855fdacaa53c62144538b6e008e6b7d5&quot;,&quot;fset&quot;:&quot;&quot;,&quot;fratio&quot;:1},&quot;ppe-2867-3&quot;:{&quot;title&quot;:&quot;FR\\u00cdO &#8220;Role of The Music Producer&#8221;&quot;,&quot;description&quot;:&quot;&lt;p&gt;Huginn Go\\u00f0i Kolbeinsson, better known as FR\\u00cdO, is a self-taught beatmaker and music producer from Iceland. With experience in both his home country and abroad, he gives us an inside into working with artists and how the role of the music producer helps shape the final product. &lt;\\\/p&gt;\\n&quot;,&quot;author&quot;:&quot;Skald Theatre Group&quot;,&quot;date&quot;:&quot;febrero 15, 2024&quot;,&quot;link&quot;:&quot;https:\\\/\\\/rss.com\\\/podcasts\\\/vespertine-podcast\\\/1343767&quot;,&quot;src&quot;:&quot;https:\\\/\\\/content.rss.com\\\/episodes\\\/248563\\\/1343767\\\/vespertine-podcast\\\/2024_02_13_13_17_14_9406858d-65e1-4b94-b3af-7f8e3ed4f013.mp3&quot;,&quot;featured&quot;:&quot;https:\\\/\\\/media.rss.com\\\/vespertine-podcast\\\/ep_cover_20240213_010248_14344d1f80bfe2bc89e2221b5b53f13c.png&quot;,&quot;featured_id&quot;:0,&quot;mediatype&quot;:&quot;audio&quot;,&quot;season&quot;:1,&quot;categories&quot;:[],&quot;duration&quot;:&quot;38:18&quot;,&quot;episodetype&quot;:&quot;full&quot;,&quot;timestamp&quot;:1707994831,&quot;key&quot;:&quot;53c8ee8eb977be3d592b9489d0cd3c0b&quot;,&quot;fset&quot;:&quot;&quot;,&quot;fratio&quot;:1},&quot;ppe-2867-4&quot;:{&quot;title&quot;:&quot;Gnosis &#8220;Drag Theatre: Hedwig and The Angry Inch&#8221;&quot;,&quot;description&quot;:&quot;&lt;p&gt;Back in February 2023, we spoke to the theatre group Gnosis on their stage adaptation of the cult film &#8220;Hedwig and The Angry Inch&#8221;, their experiences performing in drag, and putting on a musical at a rock bar.&lt;\\\/p&gt;\\n&quot;,&quot;author&quot;:&quot;Skald Theatre Group&quot;,&quot;date&quot;:&quot;febrero 8, 2024&quot;,&quot;link&quot;:&quot;https:\\\/\\\/rss.com\\\/podcasts\\\/vespertine-podcast\\\/1333076&quot;,&quot;src&quot;:&quot;https:\\\/\\\/content.rss.com\\\/episodes\\\/248563\\\/1333076\\\/vespertine-podcast\\\/2024_02_05_21_57_06_2b29a60c-1086-45c8-b72c-cb7ed791c6e0.mp3&quot;,&quot;featured&quot;:&quot;https:\\\/\\\/media.rss.com\\\/vespertine-podcast\\\/ep_cover_20240205_090245_10bf2a45fe70b99792b201a4374911b7.png&quot;,&quot;featured_id&quot;:0,&quot;mediatype&quot;:&quot;audio&quot;,&quot;season&quot;:1,&quot;categories&quot;:[],&quot;duration&quot;:&quot;37:21&quot;,&quot;episodetype&quot;:&quot;full&quot;,&quot;timestamp&quot;:1707390111,&quot;key&quot;:&quot;2b5c74e47d0c9200bb408e8797c04a27&quot;,&quot;fset&quot;:&quot;&quot;,&quot;fratio&quot;:1},&quot;ppe-2867-5&quot;:{&quot;title&quot;:&quot;Sigur\\u00f0ur Anton Fri\\u00f0\\u00fej\\u00f3fsson &#8220;The Role of The Film Director&#8221;&quot;,&quot;description&quot;:&quot;&lt;p&gt;In our first episode we chat with independent Icelandic filmmaker, Sigur\\u00f0ur Anton Fri\\u00f0\\u00fej\\u00f3fsson, as he recounts his experiences, lessons learned, and future aspirations. His fourth feature film, &#8220;Einskonar \\u00e1st&#8221; is due to release later this year.&lt;\\\/p&gt;\\n&quot;,&quot;author&quot;:&quot;Skald Theatre Group&quot;,&quot;date&quot;:&quot;enero 31, 2024&quot;,&quot;link&quot;:&quot;https:\\\/\\\/rss.com\\\/podcasts\\\/vespertine-podcast\\\/1318619&quot;,&quot;src&quot;:&quot;https:\\\/\\\/content.rss.com\\\/episodes\\\/248563\\\/1318619\\\/vespertine-podcast\\\/2024_01_27_10_56_28_5ec1504e-0a2c-4398-a585-e0e628b884aa.mp3&quot;,&quot;featured&quot;:&quot;https:\\\/\\\/media.rss.com\\\/vespertine-podcast\\\/ep_cover_20240127_100148_8a678beb2d6a4a3689cb8d32bf0256f4.jpg&quot;,&quot;featured_id&quot;:0,&quot;mediatype&quot;:&quot;audio&quot;,&quot;season&quot;:1,&quot;categories&quot;:[],&quot;duration&quot;:&quot;38:55&quot;,&quot;episodetype&quot;:&quot;full&quot;,&quot;timestamp&quot;:1706742028,&quot;key&quot;:&quot;8a4dfac45cb09bbaa6f4d395ea7bb669&quot;,&quot;fset&quot;:&quot;&quot;,&quot;fratio&quot;:1},&quot;ppe-2867-6&quot;:{&quot;title&quot;:&quot;Vespertine theme song&quot;,&quot;description&quot;:&quot;&lt;p&gt;Theme song by FR\\u00cdO&lt;\\\/p&gt;\\n&quot;,&quot;author&quot;:&quot;Skald Theatre Group&quot;,&quot;date&quot;:&quot;enero 30, 2024&quot;,&quot;link&quot;:&quot;https:\\\/\\\/rss.com\\\/podcasts\\\/vespertine-podcast\\\/1323916&quot;,&quot;src&quot;:&quot;https:\\\/\\\/content.rss.com\\\/episodes\\\/248563\\\/1323916\\\/vespertine-podcast\\\/2024_01_30_21_33_18_6edabc69-a754-49a8-809e-9cae6b5b3508.mp3&quot;,&quot;featured&quot;:&quot;https:\\\/\\\/media.rss.com\\\/vespertine-podcast\\\/20240125_060148_7ecf8922c73deff09f0bf48f26f57a5f.jpg&quot;,&quot;featured_id&quot;:0,&quot;mediatype&quot;:&quot;audio&quot;,&quot;season&quot;:0,&quot;categories&quot;:[],&quot;duration&quot;:&quot;01:05&quot;,&quot;episodetype&quot;:&quot;bonus&quot;,&quot;timestamp&quot;:1706650404,&quot;key&quot;:&quot;95c4274ab4bc2f89090b448a81319b91&quot;,&quot;fset&quot;:&quot;&quot;,&quot;fratio&quot;:1},&quot;load_info&quot;:{&quot;loaded&quot;:6,&quot;displayed&quot;:10,&quot;offset&quot;:0,&quot;maxItems&quot;:6,&quot;src&quot;:&quot;455fa24aa0f6bbde8fa566a62645df02&quot;,&quot;step&quot;:10,&quot;sortby&quot;:&quot;sort_date_desc&quot;,&quot;filterby&quot;:&quot;&quot;,&quot;fixed&quot;:&quot;&quot;,&quot;args&quot;:{&quot;imgurl&quot;:&quot;https:\\\/\\\/media.rss.com\\\/vespertine-podcast\\\/20240125_060148_7ecf8922c73deff09f0bf48f26f57a5f.jpg&quot;,&quot;imgset&quot;:&quot;&quot;,&quot;display&quot;:&quot;&quot;,&quot;hddesc&quot;:0,&quot;hdfeat&quot;:0,&quot;oricov&quot;:&quot;https:\\\/\\\/media.rss.com\\\/vespertine-podcast\\\/20240125_060148_7ecf8922c73deff09f0bf48f26f57a5f.jpg&quot;,&quot;elength&quot;:18}},&quot;rdata&quot;:{&quot;permalink&quot;:&quot;https:\\\/\\\/skaldtheatre.com\\\/es\\\/wp-json\\\/wp\\\/v2\\\/pages\\\/149&quot;,&quot;fprint&quot;:&quot;455fa24aa0f6bbde8fa566a62645df02&quot;,&quot;from&quot;:&quot;feedurl&quot;,&quot;elen&quot;:18,&quot;eunit&quot;:&quot;&quot;,&quot;teaser&quot;:&quot;&quot;,&quot;title&quot;:&quot;Vespertine&quot;,&quot;autoplay&quot;:&quot;&quot;}}\"><div class=\"pp-podcast__wrapper\"><div class=\"pp-podcast__info pod-info\"><div class=\"pod-info__header pod-header\"><div class=\"pod-header__image\"><div class=\"pod-header__image-wrapper\"><img decoding=\"async\" class=\"podcast-cover-image\" src=\"https:\/\/media.rss.com\/vespertine-podcast\/20240125_060148_7ecf8922c73deff09f0bf48f26f57a5f.jpg\" srcset=\"\" sizes=\"(max-width: 640px) 100vw, 25vw\" alt=\"Vespertine\"><\/div><span class=\"pod-header__image-style\" style=\"display: block; width: 100%; padding-top: 100%\"><\/div><div class=\"pod-header__items pod-items\"><div class=\"pod-items__title\">Vespertine<\/div><div class=\"pod-items__desc\"><p>A podcast by and for young artists.<\/p>\n<p>En lat\u00edn, Vespertine describe las horas del crep\u00fasculo de la noche. Es un momento en el que nuestra mente se desconecta de los asuntos del d\u00eda y nuestro subconsciente interno y creativo toma el control.<\/p>\n<p>Es la hora para que el artista se exprese, experimente y perfeccione su oficio.<\/p>\n<p>En esta serie, el grupo de teatro Skald te invita a interactuar con estos artistas en su etapa m\u00e1s temprana. Comprender su lucha, inspirarse en su pasi\u00f3n y compartir su energ\u00eda creativa.<\/p>\n<p>Estas entrevistas se centran en artistas emergentes de todos los or\u00edgenes y medios, mientras comparten sus historias, \u00e9xitos y conocimientos sobre su oficio para inspirar a los aspirantes a artistas.<\/p><\/p>\n<\/div><\/div><\/div><\/div><div class=\"pp-podcast__content pod-content\"><div class=\"pp-podcast__single\"><div class=\"pp-podcast__player\"><div class=\"pp-player-episode\"><audio id=\"pp-podcast-2867-player\" preload=\"none\" class=\"pp-podcast-episode\" style=\"width: 100%;\" controls=\"controls\"><source type=\"audio\/mpeg\" src=\"https:\/\/content.rss.com\/episodes\/248563\/1367497\/vespertine-podcast\/2024_02_29_08_00_27_a22fe340-a64f-43e9-b208-8cf6130402b2.mp3\" \/><\/audio><\/div><\/div><div class=\"pod-content__episode episode-single\"><button class=\"episode-single__close\" aria-expanded=\"false\" aria-label=\"Cerrar el episodio individual\"><span class=\"btn-icon-wrap\"><svg class=\"icon icon-pp-x\" aria-hidden=\"true\" role=\"img\" focusable=\"false\"><use href=\"#icon-pp-x\" xlink:href=\"#icon-pp-x\"><\/use><\/svg><\/span><\/button><div class=\"episode-single__wrapper\"><div class=\"episode-single__header\"><div class=\"episode-single__title\">Sam Armstrong &#8220;Directing for the Stage&#8221;<\/div><div class=\"episode-single__author\"><span class=\"byname\">por<\/span><span class=\"single-author\">Skald Theatre Group<\/span><\/div><\/div><div class=\"episode-single__description\"><p>In our last episode, we chat with theatre practitioner Sam Armstrong, another founding member of Skald Theatre Group, who gives us an inside into his way of directing for the stage.<\/p><\/div><\/div><div class=\"ppjs__img-wrapper\"><div class=\"ppjs__img-btn-cover\"><img decoding=\"async\" class=\"ppjs__img-btn\" src=\"https:\/\/media.rss.com\/vespertine-podcast\/ep_cover_20240229_070259_100627b837e31f1590a4681e2a9e292a.png\" srcset=\"\" sizes=\"(max-width: 640px) 100vw, 300px\" alt=\"Sam Armstrong &#8220;Directing for the Stage&#8221;\"><\/div><div><span class=\"ppjs__img-btn-style\" style=\"display: block; width: 100%; padding-top: 100%\"><\/div><\/div><\/div><\/div><div class=\"pod-content__list episode-list\"><div class=\"episode-list__filters\"><div class=\"episode-list__search\"><label class=\"label-episode-search\"><span class=\"ppjs__offscreen\">Buscar episodios<\/span><input type=\"text\" placeholder=\"Buscar episodios\" title=\"Buscar episodios de p\u00f3dcast\"\/><\/label><span class=\"episode-list__search-icon\"><svg class=\"icon icon-pp-search\" aria-hidden=\"true\" role=\"img\" focusable=\"false\"><use href=\"#icon-pp-search\" xlink:href=\"#icon-pp-search\"><\/use><\/svg><\/span><\/div><button class=\"episode-list__clear-search pod-button\"><svg class=\"icon icon-pp-x\" aria-hidden=\"true\" role=\"img\" focusable=\"false\"><use href=\"#icon-pp-x\" xlink:href=\"#icon-pp-x\"><\/use><\/svg><span class=\"ppjs__offscreen\">Vaciar la b\u00fasqueda<\/span><\/button><\/div><div class=\"episode-list__wrapper\">\n<div id=\"ppe-2867-1\" class=\"episode-list__entry pod-entry\" data-search-term=\"sam armstrong &#8220;directing for the stage&#8221;\" data-cats=\"s-1\">\n\t<div class=\"pod-entry__wrapper\">\n\t\t<div class=\"pod-entry__content\">\n\t\t\t<div class=\"pod-entry__title\">\n\t\t\t\t<a href=\"https:\/\/rss.com\/podcasts\/vespertine-podcast\/1367497\">Sam Armstrong &#8220;Directing for the Stage&#8221;<\/a>\n\t\t\t<\/div>\n\t\t\t<div class=\"pod-entry__date\">febrero 29, 2024<\/div>\n\t\t\t\t\t\t\t<div class=\"pod-entry__author\">Skald Theatre Group<\/div>\n\t\t\t\t\t<\/div>\n\t<\/div>\n<\/div>\n\n<div id=\"ppe-2867-2\" class=\"episode-list__entry pod-entry\" data-search-term=\"sophie schulze &#8220;producing for the arts&#8221;\" data-cats=\"s-1\">\n\t<div class=\"pod-entry__wrapper\">\n\t\t<div class=\"pod-entry__content\">\n\t\t\t<div class=\"pod-entry__title\">\n\t\t\t\t<a href=\"https:\/\/rss.com\/podcasts\/vespertine-podcast\/1354351\">Sophie Schulze &#8220;Producing for the Arts&#8221;<\/a>\n\t\t\t<\/div>\n\t\t\t<div class=\"pod-entry__date\">febrero 22, 2024<\/div>\n\t\t\t\t\t\t\t<div class=\"pod-entry__author\">Skald Theatre Group<\/div>\n\t\t\t\t\t<\/div>\n\t<\/div>\n<\/div>\n\n<div id=\"ppe-2867-3\" class=\"episode-list__entry pod-entry\" data-search-term=\"fr\u00cdo &#8220;role of the music producer&#8221;\" data-cats=\"s-1\">\n\t<div class=\"pod-entry__wrapper\">\n\t\t<div class=\"pod-entry__content\">\n\t\t\t<div class=\"pod-entry__title\">\n\t\t\t\t<a href=\"https:\/\/rss.com\/podcasts\/vespertine-podcast\/1343767\">FR\u00cdO &#8220;Role of The Music Producer&#8221;<\/a>\n\t\t\t<\/div>\n\t\t\t<div class=\"pod-entry__date\">febrero 15, 2024<\/div>\n\t\t\t\t\t\t\t<div class=\"pod-entry__author\">Skald Theatre Group<\/div>\n\t\t\t\t\t<\/div>\n\t<\/div>\n<\/div>\n\n<div id=\"ppe-2867-4\" class=\"episode-list__entry pod-entry\" data-search-term=\"gnosis &#8220;drag theatre: hedwig and the angry inch&#8221;\" data-cats=\"s-1\">\n\t<div class=\"pod-entry__wrapper\">\n\t\t<div class=\"pod-entry__content\">\n\t\t\t<div class=\"pod-entry__title\">\n\t\t\t\t<a href=\"https:\/\/rss.com\/podcasts\/vespertine-podcast\/1333076\">Gnosis &#8220;Drag Theatre: Hedwig and The Angry Inch&#8221;<\/a>\n\t\t\t<\/div>\n\t\t\t<div class=\"pod-entry__date\">febrero 8, 2024<\/div>\n\t\t\t\t\t\t\t<div class=\"pod-entry__author\">Skald Theatre Group<\/div>\n\t\t\t\t\t<\/div>\n\t<\/div>\n<\/div>\n\n<div id=\"ppe-2867-5\" class=\"episode-list__entry pod-entry\" data-search-term=\"sigur\u00f0ur anton fri\u00f0\u00fej\u00f3fsson &#8220;the role of the film director&#8221;\" data-cats=\"s-1\">\n\t<div class=\"pod-entry__wrapper\">\n\t\t<div class=\"pod-entry__content\">\n\t\t\t<div class=\"pod-entry__title\">\n\t\t\t\t<a href=\"https:\/\/rss.com\/podcasts\/vespertine-podcast\/1318619\">Sigur\u00f0ur Anton Fri\u00f0\u00fej\u00f3fsson &#8220;The Role of The Film Director&#8221;<\/a>\n\t\t\t<\/div>\n\t\t\t<div class=\"pod-entry__date\">enero 31, 2024<\/div>\n\t\t\t\t\t\t\t<div class=\"pod-entry__author\">Skald Theatre Group<\/div>\n\t\t\t\t\t<\/div>\n\t<\/div>\n<\/div>\n\n<div id=\"ppe-2867-6\" class=\"episode-list__entry pod-entry\" data-search-term=\"vespertine theme song\" data-cats=\"\">\n\t<div class=\"pod-entry__wrapper\">\n\t\t<div class=\"pod-entry__content\">\n\t\t\t<div class=\"pod-entry__title\">\n\t\t\t\t<a href=\"https:\/\/rss.com\/podcasts\/vespertine-podcast\/1323916\">Vespertine theme song<\/a>\n\t\t\t<\/div>\n\t\t\t<div class=\"pod-entry__date\">enero 30, 2024<\/div>\n\t\t\t\t\t\t\t<div class=\"pod-entry__author\">Skald Theatre Group<\/div>\n\t\t\t\t\t<\/div>\n\t<\/div>\n<\/div>\n<div class=\"episode-list__search-results episode-search\"><span class=\"ppjs__offscreen\">Marcador de posici\u00f3n de resultados de b\u00fasqueda<\/span><\/div><\/div><\/div><div class=\"ppjs__list-reveal\"><div class=\"ppjs__button\"><button class=\"pp-prev-btn\"><span class=\"ppjs__offscreen\">Episodio anterior<\/span><span class=\"btn-icon-wrap\"><svg class=\"icon icon-pp-previous\" aria-hidden=\"true\" role=\"img\" focusable=\"false\"><use href=\"#icon-pp-previous\" xlink:href=\"#icon-pp-previous\"><\/use><\/svg><\/span><\/button><\/div><div class=\"ppjs__button\"><button class=\"pp-list-btn\"><span class=\"ppjs__offscreen\">Mostrar la lista de episodios<\/span><span class=\"btn-icon-wrap\"><svg class=\"icon icon-pp-show-list\" aria-hidden=\"true\" role=\"img\" focusable=\"false\"><use href=\"#icon-pp-show-list\" xlink:href=\"#icon-pp-show-list\"><\/use><\/svg><svg class=\"icon icon-pp-hide-list\" aria-hidden=\"true\" role=\"img\" focusable=\"false\"><use href=\"#icon-pp-hide-list\" xlink:href=\"#icon-pp-hide-list\"><\/use><\/svg><\/span><\/button><\/div><div class=\"ppjs__button\"><button class=\"pp-next-btn\"><span class=\"ppjs__offscreen\">Siguiente episodio<\/span><span class=\"btn-icon-wrap\"><svg class=\"icon icon-pp-next\" aria-hidden=\"true\" role=\"img\" focusable=\"false\"><use href=\"#icon-pp-next\" xlink:href=\"#icon-pp-next\"><\/use><\/svg><\/span><\/button><\/div><\/div><\/div><\/div><div class=\"pod-content__launcher pod-launch\"><button class=\"pod-launch__button pod-launch__info pod-button\" aria-expanded=\"false\"><span class=\"ppjs__offscreen\">Mostrar la informaci\u00f3n del p\u00f3dcast<\/span><span class=\"btn-icon-wrap\"><svg class=\"icon icon-pp-podcast\" aria-hidden=\"true\" role=\"img\" focusable=\"false\"><use href=\"#icon-pp-podcast\" xlink:href=\"#icon-pp-podcast\"><\/use><\/svg><svg class=\"icon icon-pp-x\" aria-hidden=\"true\" role=\"img\" focusable=\"false\"><use href=\"#icon-pp-x\" xlink:href=\"#icon-pp-x\"><\/use><\/svg><\/span><\/button><\/div><\/div><\/div>\n<\/div>\n<p class=\"\">&nbsp;<\/p>\n<\/div>\n<\/div>\n<\/div>\n<\/div>","protected":false},"excerpt":{"rendered":"<p>&nbsp; A podcast by and for young artists In Latin, Vespertine describes the twilight hours of the night. It is a time when our minds disconnect from the business of<\/p>\n<div class=\"read-more\"><a class=\"btn button-primary\" href=\"https:\/\/skaldtheatre.com\/es\/vespertine\/\">Leer m\u00e1s<\/a><\/div>","protected":false},"author":1,"featured_media":0,"parent":0,"menu_order":0,"comment_status":"closed","ping_status":"closed","template":"","meta":{"bgseo_title":"","bgseo_description":"","bgseo_robots_index":"index","bgseo_robots_follow":"follow","crio-premium-page-header-override":null,"crio-premium-page-header-select":"none","crio-premium-page-header-featured-image-background":"0","crio-premium-page-header-background":"","om_disable_all_campaigns":false,"_monsterinsights_skip_tracking":false,"_monsterinsights_sitenote_active":false,"_monsterinsights_sitenote_note":"","_monsterinsights_sitenote_category":0,"_uf_show_specific_survey":0,"_uf_disable_surveys":false,"two_page_speed":{"current_score":{"desktop_score":97,"desktop_tti":"0.7\u00a0","mobile_score":87,"mobile_tti":"2.3\u00a0","date":"28.11.2024 04:41:42 pm","status":"error_no_score"}},"footnotes":""},"class_list":["post-149","page","type-page","status-publish"],"aioseo_notices":[],"_links":{"self":[{"href":"https:\/\/skaldtheatre.com\/es\/wp-json\/wp\/v2\/pages\/149","targetHints":{"allow":["GET"]}}],"collection":[{"href":"https:\/\/skaldtheatre.com\/es\/wp-json\/wp\/v2\/pages"}],"about":[{"href":"https:\/\/skaldtheatre.com\/es\/wp-json\/wp\/v2\/types\/page"}],"author":[{"embeddable":true,"href":"https:\/\/skaldtheatre.com\/es\/wp-json\/wp\/v2\/users\/1"}],"replies":[{"embeddable":true,"href":"https:\/\/skaldtheatre.com\/es\/wp-json\/wp\/v2\/comments?post=149"}],"version-history":[{"count":10,"href":"https:\/\/skaldtheatre.com\/es\/wp-json\/wp\/v2\/pages\/149\/revisions"}],"predecessor-version":[{"id":186,"href":"https:\/\/skaldtheatre.com\/es\/wp-json\/wp\/v2\/pages\/149\/revisions\/186"}],"wp:attachment":[{"href":"https:\/\/skaldtheatre.com\/es\/wp-json\/wp\/v2\/media?parent=149"}],"curies":[{"name":"wp","href":"https:\/\/api.w.org\/{rel}","templated":true}]}}